{"id":2327,"date":"2024-06-26T13:02:07","date_gmt":"2024-06-26T13:02:07","guid":{"rendered":"https:\/\/colonytoimitilat.fi\/?page_id=2327"},"modified":"2024-08-28T18:13:49","modified_gmt":"2024-08-28T18:13:49","slug":"fleming-info","status":"publish","type":"page","link":"https:\/\/colonytoimitilat.fi\/en\/fleming-info\/","title":{"rendered":"Fleming information"},"content":{"rendered":"\n<p><\/p>\n\n\n\n<p><\/p>\n\n\n\n<div class=\"wp-block-group\"><div class=\"wp-block-group__inner-container is-layout-constrained wp-block-group-is-layout-constrained\">\n<!DOCTYPE html>\n<html lang=\"en\">\n<head>\n    <meta charset=\"UTF-8\">\n    <meta name=\"viewport\" content=\"width=device-width, initial-scale=1.0\">\n    <title>Text Style Example<\/title>\n    <style>\n        .theme-text {\n            font-family: Arial, sans-serif; \/* Sets Arial as the font *\/\n            font-size: 16px;\n            color: #333;\n            line-height: 1.5;\n            text-align: left;\n            max-width: 800px; \/* Sets the maximum width to 800px *\/\n            margin: 0 auto;\n            padding: 0 1em; \/* Adds padding to the sides *\/\n            box-sizing: border-box; \/* Ensures padding is included in the width *\/\n        }\n    <\/style>\n<\/head>\n<body>\n    <div class=\"theme-text\">\n        <b>Kontant budpliktserbjudande till aktie\u00e4garna i Fleming Properties AB<\/b>\n        <br>\n        Den 3 juli 2024 offentliggjorde Colony Real Estate Sweden Holding AB <b>(&#8220;Colony Real Estate&#8221;)<\/b> att Colony Real Estate, genom teckning av aktier med utnyttjande av sin pro rata-andel samt f\u00f6rv\u00e4rvade teckningsr\u00e4tter i den f\u00f6retr\u00e4desemission som har genomf\u00f6rts av Fleming Properties AB och som offentliggjordes den 29 maj 2024, har tecknat och tilldelats 23 162 440 nyemitterade aktier i Fleming Properties AB. Colony Real Estate passerade d\u00e4rigenom gr\u00e4nsen f\u00f6r budplikt enligt takeover-reglerna f\u00f6r vissa handelsplattformar som har utf\u00e4rdats av Aktiemarknadens Sj\u00e4lvregleringskommitt\u00e9.\n        <br><br>\n        Den 30 juli 2024 offentliggjorde Colony Real Estate ett kontant budpliktserbjudande till aktie\u00e4garna i Fleming Properties AB att \u00f6verl\u00e5ta samtliga aktier i Fleming Properties AB f\u00f6r 5 kronor kontant per aktie. Fleming Properties AB aktier \u00e4r noterade p\u00e5 Spotlight Stock Market.\n        <br><br>\n        Colony Real Estate erbjuder 5 kronor per aktie i Fleming Properties AB. Det totala v\u00e4rdet av Erbjudandet, baserat p\u00e5 de 40 971 316 aktier som inte \u00e4gs av Colony Real Estate, uppg\u00e5r till cirka 205 miljoner kronor. Erbjudandet v\u00e4rderar Fleming Properties AB, baserat p\u00e5 samtliga 65 450 000 aktier i Fleming Properties AB, till cirka 327 miljoner kronor.\n\n<br><br>\n<b>Erbjudandet i sammandrag (se erbjudandehandling f\u00f6r fullst\u00e4ndiga villkor):<\/b><br>\n<table border=\"1\" style=\"border-collapse: collapse; width: 100%;\">\n    <tr>\n        <th style=\"text-align: left; padding: 8px; font-weight: normal;\">Vederlag<\/th>\n        <td style=\"padding: 8px; font-weight: normal;\">5 kronor kontant f\u00f6r varje aktie i Fleming Properties AB<\/td>\n    <\/tr>\n    <tr>\n        <th style=\"text-align: left; padding: 8px; font-weight: normal;\">Acceptfrist<\/th>\n        <td style=\"padding: 8px; font-weight: normal;\">31 juli 2024 &#8211; 28 augusti 2024<\/td>\n    <\/tr>\n    <tr>\n        <th style=\"text-align: left; padding: 8px; font-weight: normal;\">Ber\u00e4knad likviddag<\/th>\n        <td style=\"padding: 8px; font-weight: normal;\">4 september 2024<\/td>\n    <\/tr>\n<\/table>\n        <br><br>\n        <b>Dokument f\u00f6r nedladdning:<\/b><br>\n        <a href=\"https:\/\/colonytoimitilat.fi\/app\/uploads\/2024\/08\/Erbjudandehandling.pdf\"> <u>Erbjudandehandling<\/u><\/a><br>\n        <a href=\"https:\/\/colonytoimitilat.fi\/app\/uploads\/2024\/08\/Tillagg-1-till-erbjudandehandling.pdf\"> <u>Till\u00e4gg 1 till erbjudandehandling<\/u><\/a><br>\n        <a href=\"https:\/\/colonytoimitilat.fi\/app\/uploads\/2024\/08\/Acceptsedel-Fleming-Properties.pdf\"> <u>Acceptsedel<\/u><\/a>\n        <a href=\"https:\/\/colonytoimitilat.fi\/app\/uploads\/2024\/08\/Project-Lyon-Tillagg-II-till-erbjudandehandling-Q2-rapport.pdf\"> <br><u>Till\u00e4gg 2 till erbjudandehandling<\/u><\/a>\n        <br><br>\n        <b>Pressmeddelanden:<\/b><br>\n        <a href=\"https:\/\/colonytoimitilat.fi\/app\/uploads\/2024\/08\/Offentliggorande-av-kontant-budpliktserbjudande-till-aktieagarna-i-Fleming-Properties-AB.pdf\"> <u>Offentligg\u00f6rande av kontant budpliktserbjudande till aktie\u00e4garna i Fleming Properties AB<\/u><\/a><br>\n        <a href=\"https:\/\/colonytoimitilat.fi\/app\/uploads\/2024\/08\/Offentliggorande-av-erbjudande-till-aktieagarna-i-Fleming-Properties-AB.pdf\"> <u>Offentligg\u00f6rande av erbjudande till aktie\u00e4garna i Fleming Properties AB<\/u><\/a><br>\n        <a href=\"https:\/\/colonytoimitilat.fi\/app\/uploads\/2024\/08\/Offentliggorande-av-tillagg-1-till-erbjudandehandling-till-aktieagarna-i-Fleming-Properties-AB.pdf\"> <u>Offentligg\u00f6rande av till\u00e4gg 1 till erbjudandehandling till aktie\u00e4garna i Fleming Properties AB<\/u><\/a><br>\n        <a href=\"https:\/\/colonytoimitilat.fi\/app\/uploads\/2024\/08\/Colony-Real-Estate-Sweden-Holding-AB-Pressmeddelande-2024-08-27.pdf\"> <u>Offentligg\u00f6rande av till\u00e4gg 2 till erbjudandehandling till aktie\u00e4garna i Fleming Properties AB<\/u><\/a><br>\n        <a href=\"https:\/\/colonytoimitilat.fi\/app\/uploads\/2024\/08\/Colony-Real-Estate-Sweden-Holding-AB-2024-08-28.pdf\"> <u>Colony Real Estate offentligg\u00f6r slutligt utfall i erbjudandet till aktie\u00e4garna i Fleming Properties<\/u><\/a><br>\n\n    <\/div>\n<\/body>\n<\/html>\n<\/div><\/div>\n\n\n\n<p><\/p>\n","protected":false},"excerpt":{"rendered":"<p>Text Style Example Kontant budpliktserbjudande till aktie\u00e4garna i Fleming Properties AB Den 3 juli 2024 offentliggjorde Colony Real Estate Sweden Holding AB (&#8220;Colony Real Estate&#8221;) att Colony Real Estate, genom teckning av aktier med utnyttjande av sin pro rata-andel samt f\u00f6rv\u00e4rvade teckningsr\u00e4tter i den f\u00f6retr\u00e4desemission som har genomf\u00f6rts av Fleming Properties AB och som offentliggjordes [&hellip;]<\/p>\n","protected":false},"author":1,"featured_media":0,"parent":0,"menu_order":0,"comment_status":"closed","ping_status":"closed","template":"","meta":{"_acf_changed":false,"footnotes":""},"class_list":["post-2327","page","type-page","status-publish","hentry"],"acf":[],"yoast_head":"<!-- This site is optimized with the Yoast SEO plugin v21.2 - https:\/\/yoast.com\/wordpress\/plugins\/seo\/ -->\n<title>Fleming information | New office experience<\/title>\n<meta name=\"robots\" content=\"index, follow, max-snippet:-1, max-image-preview:large, max-video-preview:-1\" \/>\n<link rel=\"canonical\" href=\"https:\/\/colonytoimitilat.fi\/en\/fleming-info\/\" \/>\n<meta property=\"og:locale\" content=\"en_US\" \/>\n<meta property=\"og:type\" content=\"article\" \/>\n<meta property=\"og:title\" content=\"Fleming information | New office experience\" \/>\n<meta property=\"og:description\" content=\"Text Style Example Kontant budpliktserbjudande till aktie\u00e4garna i Fleming Properties AB Den 3 juli 2024 offentliggjorde Colony Real Estate Sweden Holding AB (&#8220;Colony Real Estate&#8221;) att Colony Real Estate, genom teckning av aktier med utnyttjande av sin pro rata-andel samt f\u00f6rv\u00e4rvade teckningsr\u00e4tter i den f\u00f6retr\u00e4desemission som har genomf\u00f6rts av Fleming Properties AB och som offentliggjordes [&hellip;]\" \/>\n<meta property=\"og:url\" content=\"https:\/\/colonytoimitilat.fi\/en\/fleming-info\/\" \/>\n<meta property=\"og:site_name\" content=\"New office experience\" \/>\n<meta property=\"article:modified_time\" content=\"2024-08-28T18:13:49+00:00\" \/>\n<meta name=\"twitter:card\" content=\"summary_large_image\" \/>\n<meta name=\"twitter:label1\" content=\"Est. reading time\" \/>\n\t<meta name=\"twitter:data1\" content=\"2 minutes\" \/>\n<script type=\"application\/ld+json\" class=\"yoast-schema-graph\">{\"@context\":\"https:\/\/schema.org\",\"@graph\":[{\"@type\":\"WebPage\",\"@id\":\"https:\/\/colonytoimitilat.fi\/en\/fleming-info\/\",\"url\":\"https:\/\/colonytoimitilat.fi\/en\/fleming-info\/\",\"name\":\"Fleming information | New office experience\",\"isPartOf\":{\"@id\":\"https:\/\/colonytoimitilat.fi\/#website\"},\"datePublished\":\"2024-06-26T13:02:07+00:00\",\"dateModified\":\"2024-08-28T18:13:49+00:00\",\"breadcrumb\":{\"@id\":\"https:\/\/colonytoimitilat.fi\/en\/fleming-info\/#breadcrumb\"},\"inLanguage\":\"en-US\",\"potentialAction\":[{\"@type\":\"ReadAction\",\"target\":[\"https:\/\/colonytoimitilat.fi\/en\/fleming-info\/\"]}]},{\"@type\":\"BreadcrumbList\",\"@id\":\"https:\/\/colonytoimitilat.fi\/en\/fleming-info\/#breadcrumb\",\"itemListElement\":[{\"@type\":\"ListItem\",\"position\":1,\"name\":\"Home\",\"item\":\"https:\/\/colonytoimitilat.fi\/en\/\"},{\"@type\":\"ListItem\",\"position\":2,\"name\":\"Fleming information\"}]},{\"@type\":\"WebSite\",\"@id\":\"https:\/\/colonytoimitilat.fi\/#website\",\"url\":\"https:\/\/colonytoimitilat.fi\/\",\"name\":\"New office experience\",\"description\":\"Office experience new office experience\",\"potentialAction\":[{\"@type\":\"SearchAction\",\"target\":{\"@type\":\"EntryPoint\",\"urlTemplate\":\"https:\/\/colonytoimitilat.fi\/?s={search_term_string}\"},\"query-input\":\"required name=search_term_string\"}],\"inLanguage\":\"en-US\"}]}<\/script>\n<!-- \/ Yoast SEO plugin. -->","yoast_head_json":{"title":"Fleming information | New office experience","robots":{"index":"index","follow":"follow","max-snippet":"max-snippet:-1","max-image-preview":"max-image-preview:large","max-video-preview":"max-video-preview:-1"},"canonical":"https:\/\/colonytoimitilat.fi\/en\/fleming-info\/","og_locale":"en_US","og_type":"article","og_title":"Fleming information | New office experience","og_description":"Text Style Example Kontant budpliktserbjudande till aktie\u00e4garna i Fleming Properties AB Den 3 juli 2024 offentliggjorde Colony Real Estate Sweden Holding AB (&#8220;Colony Real Estate&#8221;) att Colony Real Estate, genom teckning av aktier med utnyttjande av sin pro rata-andel samt f\u00f6rv\u00e4rvade teckningsr\u00e4tter i den f\u00f6retr\u00e4desemission som har genomf\u00f6rts av Fleming Properties AB och som offentliggjordes [&hellip;]","og_url":"https:\/\/colonytoimitilat.fi\/en\/fleming-info\/","og_site_name":"New office experience","article_modified_time":"2024-08-28T18:13:49+00:00","twitter_card":"summary_large_image","twitter_misc":{"Est. reading time":"2 minutes"},"schema":{"@context":"https:\/\/schema.org","@graph":[{"@type":"WebPage","@id":"https:\/\/colonytoimitilat.fi\/en\/fleming-info\/","url":"https:\/\/colonytoimitilat.fi\/en\/fleming-info\/","name":"Fleming information | New office experience","isPartOf":{"@id":"https:\/\/colonytoimitilat.fi\/#website"},"datePublished":"2024-06-26T13:02:07+00:00","dateModified":"2024-08-28T18:13:49+00:00","breadcrumb":{"@id":"https:\/\/colonytoimitilat.fi\/en\/fleming-info\/#breadcrumb"},"inLanguage":"en-US","potentialAction":[{"@type":"ReadAction","target":["https:\/\/colonytoimitilat.fi\/en\/fleming-info\/"]}]},{"@type":"BreadcrumbList","@id":"https:\/\/colonytoimitilat.fi\/en\/fleming-info\/#breadcrumb","itemListElement":[{"@type":"ListItem","position":1,"name":"Home","item":"https:\/\/colonytoimitilat.fi\/en\/"},{"@type":"ListItem","position":2,"name":"Fleming information"}]},{"@type":"WebSite","@id":"https:\/\/colonytoimitilat.fi\/#website","url":"https:\/\/colonytoimitilat.fi\/","name":"New office experience","description":"Office experience new office experience","potentialAction":[{"@type":"SearchAction","target":{"@type":"EntryPoint","urlTemplate":"https:\/\/colonytoimitilat.fi\/?s={search_term_string}"},"query-input":"required name=search_term_string"}],"inLanguage":"en-US"}]}},"_links":{"self":[{"href":"https:\/\/colonytoimitilat.fi\/en\/wp-json\/wp\/v2\/pages\/2327","targetHints":{"allow":["GET"]}}],"collection":[{"href":"https:\/\/colonytoimitilat.fi\/en\/wp-json\/wp\/v2\/pages"}],"about":[{"href":"https:\/\/colonytoimitilat.fi\/en\/wp-json\/wp\/v2\/types\/page"}],"author":[{"embeddable":true,"href":"https:\/\/colonytoimitilat.fi\/en\/wp-json\/wp\/v2\/users\/1"}],"replies":[{"embeddable":true,"href":"https:\/\/colonytoimitilat.fi\/en\/wp-json\/wp\/v2\/comments?post=2327"}],"version-history":[{"count":94,"href":"https:\/\/colonytoimitilat.fi\/en\/wp-json\/wp\/v2\/pages\/2327\/revisions"}],"predecessor-version":[{"id":2583,"href":"https:\/\/colonytoimitilat.fi\/en\/wp-json\/wp\/v2\/pages\/2327\/revisions\/2583"}],"wp:attachment":[{"href":"https:\/\/colonytoimitilat.fi\/en\/wp-json\/wp\/v2\/media?parent=2327"}],"curies":[{"name":"wp","href":"https:\/\/api.w.org\/{rel}","templated":true}]}}